{"id":899,"date":"2017-11-27T12:38:46","date_gmt":"2017-11-27T11:38:46","guid":{"rendered":"https:\/\/b-go.cz\/?page_id=899\/"},"modified":"2017-11-27T12:38:46","modified_gmt":"2017-11-27T11:38:46","slug":"kontakt","status":"publish","type":"page","link":"https:\/\/b-go.cz\/pl\/kontakt\/","title":{"rendered":"Kontakt"},"content":{"rendered":"","protected":false},"excerpt":{"rendered":"","protected":false},"author":4,"featured_media":0,"parent":0,"menu_order":0,"comment_status":"closed","ping_status":"closed","template":"","meta":{"footnotes":""},"class_list":["post-899","page","type-page","status-publish","hentry"],"yoast_head":"<!-- This site is optimized with the Yoast SEO plugin v27.0 - https:\/\/yoast.com\/product\/yoast-seo-wordpress\/ -->\n<title>Kontakt - B-GO<\/title>\n<meta name=\"robots\" content=\"noindex, follow, max-snippet:-1, max-image-preview:large, max-video-preview:-1\" \/>\n<meta property=\"og:locale\" content=\"pl_PL\" \/>\n<meta property=\"og:type\" content=\"article\" \/>\n<meta property=\"og:title\" content=\"Kontakt - B-GO\" \/>\n<meta property=\"og:url\" content=\"https:\/\/b-go.cz\/kontakt\/\" \/>\n<meta property=\"og:site_name\" content=\"B-GO\" \/>\n<meta name=\"twitter:card\" content=\"summary_large_image\" \/>\n<script type=\"application\/ld+json\" class=\"yoast-schema-graph\">{\"@context\":\"https:\/\/schema.org\",\"@graph\":[{\"@type\":\"WebPage\",\"@id\":\"https:\/\/b-go.cz\/kontakt\/\",\"url\":\"https:\/\/b-go.cz\/kontakt\/\",\"name\":\"Kontakt - B-GO\",\"isPartOf\":{\"@id\":\"https:\/\/b-go.cz\/#website\"},\"datePublished\":\"2017-11-27T11:38:46+00:00\",\"breadcrumb\":{\"@id\":\"https:\/\/b-go.cz\/kontakt\/#breadcrumb\"},\"inLanguage\":\"pl-PL\",\"potentialAction\":[{\"@type\":\"ReadAction\",\"target\":[\"https:\/\/b-go.cz\/kontakt\/\"]}]},{\"@type\":\"BreadcrumbList\",\"@id\":\"https:\/\/b-go.cz\/kontakt\/#breadcrumb\",\"itemListElement\":[{\"@type\":\"ListItem\",\"position\":1,\"name\":\"Infopoint\",\"item\":\"https:\/\/b-go.cz\/pl\/\"},{\"@type\":\"ListItem\",\"position\":2,\"name\":\"Kontakt\"}]},{\"@type\":\"WebSite\",\"@id\":\"https:\/\/b-go.cz\/#website\",\"url\":\"https:\/\/b-go.cz\/\",\"name\":\"B-GO\",\"description\":\"Geoloka\u010dn\u00ed aplikace pro Javorov\u00fd vrch a okol\u00ed\",\"potentialAction\":[{\"@type\":\"SearchAction\",\"target\":{\"@type\":\"EntryPoint\",\"urlTemplate\":\"https:\/\/b-go.cz\/?s={search_term_string}\"},\"query-input\":{\"@type\":\"PropertyValueSpecification\",\"valueRequired\":true,\"valueName\":\"search_term_string\"}}],\"inLanguage\":\"pl-PL\"}]}<\/script>\n<!-- \/ Yoast SEO plugin. -->","yoast_head_json":{"title":"Kontakt - B-GO","robots":{"index":"noindex","follow":"follow","max-snippet":"max-snippet:-1","max-image-preview":"max-image-preview:large","max-video-preview":"max-video-preview:-1"},"og_locale":"pl_PL","og_type":"article","og_title":"Kontakt - B-GO","og_url":"https:\/\/b-go.cz\/kontakt\/","og_site_name":"B-GO","twitter_card":"summary_large_image","schema":{"@context":"https:\/\/schema.org","@graph":[{"@type":"WebPage","@id":"https:\/\/b-go.cz\/kontakt\/","url":"https:\/\/b-go.cz\/kontakt\/","name":"Kontakt - B-GO","isPartOf":{"@id":"https:\/\/b-go.cz\/#website"},"datePublished":"2017-11-27T11:38:46+00:00","breadcrumb":{"@id":"https:\/\/b-go.cz\/kontakt\/#breadcrumb"},"inLanguage":"pl-PL","potentialAction":[{"@type":"ReadAction","target":["https:\/\/b-go.cz\/kontakt\/"]}]},{"@type":"BreadcrumbList","@id":"https:\/\/b-go.cz\/kontakt\/#breadcrumb","itemListElement":[{"@type":"ListItem","position":1,"name":"Infopoint","item":"https:\/\/b-go.cz\/pl\/"},{"@type":"ListItem","position":2,"name":"Kontakt"}]},{"@type":"WebSite","@id":"https:\/\/b-go.cz\/#website","url":"https:\/\/b-go.cz\/","name":"B-GO","description":"Geoloka\u010dn\u00ed aplikace pro Javorov\u00fd vrch a okol\u00ed","potentialAction":[{"@type":"SearchAction","target":{"@type":"EntryPoint","urlTemplate":"https:\/\/b-go.cz\/?s={search_term_string}"},"query-input":{"@type":"PropertyValueSpecification","valueRequired":true,"valueName":"search_term_string"}}],"inLanguage":"pl-PL"}]}},"_links":{"self":[{"href":"https:\/\/b-go.cz\/pl\/wp-json\/wp\/v2\/pages\/899","targetHints":{"allow":["GET"]}}],"collection":[{"href":"https:\/\/b-go.cz\/pl\/wp-json\/wp\/v2\/pages"}],"about":[{"href":"https:\/\/b-go.cz\/pl\/wp-json\/wp\/v2\/types\/page"}],"author":[{"embeddable":true,"href":"https:\/\/b-go.cz\/pl\/wp-json\/wp\/v2\/users\/4"}],"replies":[{"embeddable":true,"href":"https:\/\/b-go.cz\/pl\/wp-json\/wp\/v2\/comments?post=899"}],"version-history":[{"count":1,"href":"https:\/\/b-go.cz\/pl\/wp-json\/wp\/v2\/pages\/899\/revisions"}],"predecessor-version":[{"id":900,"href":"https:\/\/b-go.cz\/pl\/wp-json\/wp\/v2\/pages\/899\/revisions\/900"}],"wp:attachment":[{"href":"https:\/\/b-go.cz\/pl\/wp-json\/wp\/v2\/media?parent=899"}],"curies":[{"name":"wp","href":"https:\/\/api.w.org\/{rel}","templated":true}]}}