{"id":833,"date":"2017-11-09T09:51:24","date_gmt":"2017-11-09T08:51:24","guid":{"rendered":"https:\/\/b-go.cz\/?page_id=833\/"},"modified":"2017-12-20T11:05:52","modified_gmt":"2017-12-20T10:05:52","slug":"b-go-aplikace-pl","status":"publish","type":"page","link":"https:\/\/b-go.cz\/pl\/","title":{"rendered":"B-GO aplikace PL"},"content":{"rendered":"<div class=\"wpb-content-wrapper\">[vc_row][vc_column][vc_column_text][\/vc_column_text][\/vc_column][\/vc_row][vc_row][vc_column][mk_layerslider id=&#8221;8&#8243;][\/vc_column][\/vc_row][vc_row css=&#8221;.vc_custom_1506091065615{padding-top: 60px !important;padding-bottom: 30px !important;}&#8221;][vc_column][vc_column_text]\n<h3 style=\"text-align: center;\"><\/h3>\n<p style=\"text-align: center;\">\n[\/vc_column_text][\/vc_column][\/vc_row][mk_page_section bg_color=&#8221;#407e9f&#8221; bg_stretch=&#8221;true&#8221; padding_top=&#8221;60&#8243; padding_bottom=&#8221;60&#8243; el_class=&#8221;sc-dark&#8221; sidebar=&#8221;sidebar-1&#8243;][vc_column][\/vc_column][vc_column width=&#8221;1\/3&#8243;][vc_column_text align=&#8221;center&#8221;]\n<h4><strong>1.\u00a0Pobierz aplikacj\u0119<\/strong><\/h4>\n[\/vc_column_text][vc_row_inner][vc_column_inner el_class=&#8221;bgo_icon_box_right&#8221; width=&#8221;1\/2&#8243;][mk_icon_box icon=&#8221;mk-icon-apple&#8221; text_size=&#8221;10&#8243; icon_size=&#8221;x-large&#8221; circled=&#8221;true&#8221; icon_color=&#8221;#ffffff&#8221; icon_circle_color=&#8221;&#8221; margin=&#8221;0&#8243; el_class=&#8221;vc_txt_align_right&#8221;][\/mk_icon_box][\/vc_column_inner][vc_column_inner el_class=&#8221;bgo_icon_box_left&#8221; width=&#8221;1\/2&#8243;][mk_icon_box icon=&#8221;mk-moon-android&#8221; text_size=&#8221;10&#8243; icon_size=&#8221;x-large&#8221; circled=&#8221;true&#8221; icon_color=&#8221;#ffffff&#8221; icon_circle_color=&#8221;&#8221; margin=&#8221;0&#8243;][\/mk_icon_box][\/vc_column_inner][\/vc_row_inner][vc_column_text align=&#8221;center&#8221;]Aplikacja dedykowana dla system\u00f3w iOS i Android &#8211; rozdzielczo\u015b\u0107 dostosowana do telefon\u00f3w i tablet\u00f3w.[\/vc_column_text][\/vc_column][vc_column width=&#8221;1\/3&#8243;][vc_column_text align=&#8221;center&#8221; margin_bottom=&#8221;20&#8243;]\n<h4><strong>2. Rejestracja za darmo<\/strong><\/h4>\n[\/vc_column_text][vc_row_inner][vc_column_inner el_class=&#8221;bgo_icon_box_center&#8221;][mk_icon_box icon=&#8221;mk-moon-user-plus&#8221; text_size=&#8221;10&#8243; icon_size=&#8221;x-large&#8221; circled=&#8221;true&#8221; icon_color=&#8221;#ffffff&#8221; icon_circle_color=&#8221;&#8221; margin=&#8221;0&#8243;][\/mk_icon_box][\/vc_column_inner][\/vc_row_inner][vc_column_text align=&#8221;center&#8221;]Rejestracja pozwoli na utworzenie osobistego konta, dzi\u0119ki kt\u00f3remu \u0142atwo znajdziesz najbardziej aktualne trasy.[\/vc_column_text][\/vc_column][vc_column width=&#8221;1\/3&#8243;][vc_column_text align=&#8221;center&#8221; margin_bottom=&#8221;020&#8243;]\n<h4><strong>3.\u00a0Uruchom aplikacj\u0119 i wyrusz na przygod<\/strong><strong>\u0119<\/strong><\/h4>\n[\/vc_column_text][vc_row_inner][vc_column_inner el_class=&#8221;bgo_icon_box_center&#8221;][mk_icon_box icon=&#8221;mk-moon-mobile&#8221; text_size=&#8221;10&#8243; icon_size=&#8221;x-large&#8221; circled=&#8221;true&#8221; icon_color=&#8221;#ffffff&#8221; icon_circle_color=&#8221;&#8221; margin=&#8221;0&#8243;][\/mk_icon_box][\/vc_column_inner][\/vc_row_inner][vc_column_text align=&#8221;center&#8221;]Wybierz sw\u00f3j temat a B-GO natychmiast wy\u015bwietli miejsca na Twojej trasie, kt\u00f3re Ci\u0119 interesuj\u0105. Skorzystaj z mo\u017cliwo\u015bci zapisu w trybie OFF-LINE.[\/vc_column_text][\/vc_column][\/mk_page_section]\n<\/div>","protected":false},"excerpt":{"rendered":"<p>[vc_row][vc_column][vc_column_text][\/vc_column_text][\/vc_column][\/vc_row][vc_row][vc_column][mk_layerslider id=&#8221;8&#8243;][\/vc_column][\/vc_row][vc_row css=&#8221;.vc_custom_1506091065615{padding-top: 60px !important;padding-bottom: 30px !important;}&#8221;][vc_column][vc_column_text] [\/vc_column_text][\/vc_column][\/vc_row][mk_page_section bg_color=&#8221;#407e9f&#8221; bg_stretch=&#8221;true&#8221; padding_top=&#8221;60&#8243; padding_bottom=&#8221;60&#8243; el_class=&#8221;sc-dark&#8221; sidebar=&#8221;sidebar-1&#8243;][vc_column][\/vc_column][vc_column width=&#8221;1\/3&#8243;][vc_column_text align=&#8221;center&#8221;] 1.\u00a0Pobierz aplikacj\u0119 [\/vc_column_text][vc_row_inner][vc_column_inner el_class=&#8221;bgo_icon_box_right&#8221; width=&#8221;1\/2&#8243;][mk_icon_box icon=&#8221;mk-icon-apple&#8221; text_size=&#8221;10&#8243; icon_size=&#8221;x-large&#8221; circled=&#8221;true&#8221; icon_color=&#8221;#ffffff&#8221; icon_circle_color=&#8221;&#8221; margin=&#8221;0&#8243; el_class=&#8221;vc_txt_align_right&#8221;][\/mk_icon_box][\/vc_column_inner][vc_column_inner el_class=&#8221;bgo_icon_box_left&#8221; width=&#8221;1\/2&#8243;][mk_icon_box icon=&#8221;mk-moon-android&#8221; text_size=&#8221;10&#8243; icon_size=&#8221;x-large&#8221; circled=&#8221;true&#8221; icon_color=&#8221;#ffffff&#8221; icon_circle_color=&#8221;&#8221; margin=&#8221;0&#8243;][\/mk_icon_box][\/vc_column_inner][\/vc_row_inner][vc_column_text align=&#8221;center&#8221;]Aplikacja dedykowana dla system\u00f3w iOS i Android &#8211; rozdzielczo\u015b\u0107 dostosowana do telefon\u00f3w i tablet\u00f3w.[\/vc_column_text][\/vc_column][vc_column width=&#8221;1\/3&#8243;][vc_column_text align=&#8221;center&#8221; margin_bottom=&#8221;20&#8243;] [&hellip;]<\/p>\n","protected":false},"author":4,"featured_media":0,"parent":0,"menu_order":0,"comment_status":"closed","ping_status":"closed","template":"","meta":{"footnotes":""},"class_list":["post-833","page","type-page","status-publish","hentry"],"yoast_head":"<!-- This site is optimized with the Yoast SEO plugin v27.0 - https:\/\/yoast.com\/product\/yoast-seo-wordpress\/ -->\n<title>B-GO aplikace PL - B-GO<\/title>\n<meta name=\"description\" content=\"Trasy tematyczne, aplikacja B-GO, Beskidy, Jaworowy\" \/>\n<meta name=\"robots\" content=\"noindex, follow, max-snippet:-1, max-image-preview:large, max-video-preview:-1\" \/>\n<meta property=\"og:locale\" content=\"pl_PL\" \/>\n<meta property=\"og:type\" content=\"article\" \/>\n<meta property=\"og:title\" content=\"B-GO aplikace PL - B-GO\" \/>\n<meta property=\"og:description\" content=\"Trasy tematyczne, aplikacja B-GO, Beskidy, Jaworowy\" \/>\n<meta property=\"og:url\" content=\"https:\/\/b-go.cz\/pl\/\" \/>\n<meta property=\"og:site_name\" content=\"B-GO\" \/>\n<meta property=\"article:modified_time\" content=\"2017-12-20T10:05:52+00:00\" \/>\n<meta name=\"twitter:card\" content=\"summary_large_image\" \/>\n<meta name=\"twitter:label1\" content=\"Szacowany czas czytania\" \/>\n\t<meta name=\"twitter:data1\" content=\"2 minuty\" \/>\n<script type=\"application\/ld+json\" class=\"yoast-schema-graph\">{\"@context\":\"https:\/\/schema.org\",\"@graph\":[{\"@type\":\"WebPage\",\"@id\":\"https:\/\/b-go.cz\/pl\/\",\"url\":\"https:\/\/b-go.cz\/pl\/\",\"name\":\"B-GO aplikace PL - B-GO\",\"isPartOf\":{\"@id\":\"https:\/\/b-go.cz\/#website\"},\"datePublished\":\"2017-11-09T08:51:24+00:00\",\"dateModified\":\"2017-12-20T10:05:52+00:00\",\"description\":\"Trasy tematyczne, aplikacja B-GO, Beskidy, Jaworowy\",\"breadcrumb\":{\"@id\":\"https:\/\/b-go.cz\/pl\/#breadcrumb\"},\"inLanguage\":\"pl-PL\",\"potentialAction\":[{\"@type\":\"ReadAction\",\"target\":[\"https:\/\/b-go.cz\/pl\/\"]}]},{\"@type\":\"BreadcrumbList\",\"@id\":\"https:\/\/b-go.cz\/pl\/#breadcrumb\",\"itemListElement\":[{\"@type\":\"ListItem\",\"position\":1,\"name\":\"Infopoint\",\"item\":\"https:\/\/b-go.cz\/pl\/\"},{\"@type\":\"ListItem\",\"position\":2,\"name\":\"B-GO aplikace PL\"}]},{\"@type\":\"WebSite\",\"@id\":\"https:\/\/b-go.cz\/#website\",\"url\":\"https:\/\/b-go.cz\/\",\"name\":\"B-GO\",\"description\":\"Geoloka\u010dn\u00ed aplikace pro Javorov\u00fd vrch a okol\u00ed\",\"potentialAction\":[{\"@type\":\"SearchAction\",\"target\":{\"@type\":\"EntryPoint\",\"urlTemplate\":\"https:\/\/b-go.cz\/?s={search_term_string}\"},\"query-input\":{\"@type\":\"PropertyValueSpecification\",\"valueRequired\":true,\"valueName\":\"search_term_string\"}}],\"inLanguage\":\"pl-PL\"}]}<\/script>\n<!-- \/ Yoast SEO plugin. -->","yoast_head_json":{"title":"B-GO aplikace PL - B-GO","description":"Trasy tematyczne, aplikacja B-GO, Beskidy, Jaworowy","robots":{"index":"noindex","follow":"follow","max-snippet":"max-snippet:-1","max-image-preview":"max-image-preview:large","max-video-preview":"max-video-preview:-1"},"og_locale":"pl_PL","og_type":"article","og_title":"B-GO aplikace PL - B-GO","og_description":"Trasy tematyczne, aplikacja B-GO, Beskidy, Jaworowy","og_url":"https:\/\/b-go.cz\/pl\/","og_site_name":"B-GO","article_modified_time":"2017-12-20T10:05:52+00:00","twitter_card":"summary_large_image","twitter_misc":{"Szacowany czas czytania":"2 minuty"},"schema":{"@context":"https:\/\/schema.org","@graph":[{"@type":"WebPage","@id":"https:\/\/b-go.cz\/pl\/","url":"https:\/\/b-go.cz\/pl\/","name":"B-GO aplikace PL - B-GO","isPartOf":{"@id":"https:\/\/b-go.cz\/#website"},"datePublished":"2017-11-09T08:51:24+00:00","dateModified":"2017-12-20T10:05:52+00:00","description":"Trasy tematyczne, aplikacja B-GO, Beskidy, Jaworowy","breadcrumb":{"@id":"https:\/\/b-go.cz\/pl\/#breadcrumb"},"inLanguage":"pl-PL","potentialAction":[{"@type":"ReadAction","target":["https:\/\/b-go.cz\/pl\/"]}]},{"@type":"BreadcrumbList","@id":"https:\/\/b-go.cz\/pl\/#breadcrumb","itemListElement":[{"@type":"ListItem","position":1,"name":"Infopoint","item":"https:\/\/b-go.cz\/pl\/"},{"@type":"ListItem","position":2,"name":"B-GO aplikace PL"}]},{"@type":"WebSite","@id":"https:\/\/b-go.cz\/#website","url":"https:\/\/b-go.cz\/","name":"B-GO","description":"Geoloka\u010dn\u00ed aplikace pro Javorov\u00fd vrch a okol\u00ed","potentialAction":[{"@type":"SearchAction","target":{"@type":"EntryPoint","urlTemplate":"https:\/\/b-go.cz\/?s={search_term_string}"},"query-input":{"@type":"PropertyValueSpecification","valueRequired":true,"valueName":"search_term_string"}}],"inLanguage":"pl-PL"}]}},"_links":{"self":[{"href":"https:\/\/b-go.cz\/pl\/wp-json\/wp\/v2\/pages\/833","targetHints":{"allow":["GET"]}}],"collection":[{"href":"https:\/\/b-go.cz\/pl\/wp-json\/wp\/v2\/pages"}],"about":[{"href":"https:\/\/b-go.cz\/pl\/wp-json\/wp\/v2\/types\/page"}],"author":[{"embeddable":true,"href":"https:\/\/b-go.cz\/pl\/wp-json\/wp\/v2\/users\/4"}],"replies":[{"embeddable":true,"href":"https:\/\/b-go.cz\/pl\/wp-json\/wp\/v2\/comments?post=833"}],"version-history":[{"count":6,"href":"https:\/\/b-go.cz\/pl\/wp-json\/wp\/v2\/pages\/833\/revisions"}],"predecessor-version":[{"id":921,"href":"https:\/\/b-go.cz\/pl\/wp-json\/wp\/v2\/pages\/833\/revisions\/921"}],"wp:attachment":[{"href":"https:\/\/b-go.cz\/pl\/wp-json\/wp\/v2\/media?parent=833"}],"curies":[{"name":"wp","href":"https:\/\/api.w.org\/{rel}","templated":true}]}}